{"id":108,"date":"2022-10-11T23:35:03","date_gmt":"2022-10-11T21:35:03","guid":{"rendered":"https:\/\/www.hoteldulacdesconfins.com\/?page_id=108"},"modified":"2025-12-29T17:44:05","modified_gmt":"2025-12-29T16:44:05","slug":"tarifs","status":"publish","type":"page","link":"https:\/\/www.hoteldulacdesconfins.com\/en\/tarifs\/","title":{"rendered":"Prices"},"content":{"rendered":"<p class=\"has-text-align-center has-huge-font-size\">PRICE LIST<\/p>\n\n\n\n<figure class=\"wp-block-table is-style-stripes\"><table><thead><tr><th class=\"has-text-align-left\" data-align=\"left\">HALF-BOARD<\/th><th class=\"has-text-align-left\" data-align=\"left\">per day and per person<\/th><\/tr><\/thead><tbody><tr><td class=\"has-text-align-left\" data-align=\"left\">Room<br><em><sup>depending on the period<\/sup><\/em><\/td><td class=\"has-text-align-left\" data-align=\"left\"><mark style=\"background-color:rgba(0, 0, 0, 0)\" class=\"has-inline-color has-black-color\">from<\/mark> <strong>110 \u20ac<\/strong> * to <strong>117 \u20ac<\/strong> *<\/td><\/tr><tr><td class=\"has-text-align-left\" data-align=\"left\">Room in chalet<\/td><td class=\"has-text-align-left\" data-align=\"left\"><strong>120 \u20ac<\/strong> *<\/td><\/tr><tr><td class=\"has-text-align-left\" data-align=\"left\">Comfort Room<br><em><sup>depending on the period<\/sup><\/em><\/td><td class=\"has-text-align-left\" data-align=\"left\">from <strong>130 \u20ac *<\/strong> to <strong>135 \u20ac<\/strong> *<\/td><\/tr><\/tbody><\/table><figcaption class=\"wp-element-caption\">* supplement for single person : contact us<\/figcaption><\/figure>\n\n\n\n<p>Half board includes breakfast, dinner and overnight stay. <\/p>\n\n\n\n<p>For residents, free wifi access is available in the bar and dining room.<\/p>\n\n\n\n<p>Contact us for the reduction for the 3rd person sleeping in the triple room.<\/p>\n\n\n\n<hr class=\"wp-block-separator has-alpha-channel-opacity is-style-dots\"\/>\n\n\n\n<figure class=\"wp-block-table is-style-stripes\"><table><thead><tr><th class=\"has-text-align-left\" data-align=\"left\">ROOM<\/th><th class=\"has-text-align-left\" data-align=\"left\">per night <\/th><\/tr><\/thead><tbody><tr><td class=\"has-text-align-left\" data-align=\"left\">Double<\/td><td class=\"has-text-align-left\" data-align=\"left\"><strong>150 \u20ac<\/strong><\/td><\/tr><tr><td class=\"has-text-align-left\" data-align=\"left\">Triple<\/td><td class=\"has-text-align-left\" data-align=\"left\"><strong>170 \u20ac<\/strong><\/td><\/tr><tr><td class=\"has-text-align-left\" data-align=\"left\">Family<br><em>(Max 4 pers.)<\/em><\/td><td class=\"has-text-align-left\" data-align=\"left\"><strong>40 \u20ac<\/strong> \/ pers. suppl.<\/td><\/tr><\/tbody><\/table><\/figure>\n\n\n\n<hr class=\"wp-block-separator has-alpha-channel-opacity is-style-dots\"\/>\n\n\n\n<figure class=\"wp-block-table is-style-stripes\"><table><thead><tr><th class=\"has-text-align-left\" data-align=\"left\">ROOM in CHALET<\/th><th class=\"has-text-align-left\" data-align=\"left\">per night <\/th><\/tr><\/thead><tbody><tr><td class=\"has-text-align-left\" data-align=\"left\">Double<\/td><td class=\"has-text-align-left\" data-align=\"left\"><strong>165 \u20ac<\/strong><\/td><\/tr><tr><td class=\"has-text-align-left\" data-align=\"left\">Triple<\/td><td class=\"has-text-align-left\" data-align=\"left\"><strong>175 \u20ac<\/strong><\/td><\/tr><\/tbody><\/table><\/figure>\n\n\n\n<hr class=\"wp-block-separator has-alpha-channel-opacity is-style-dots\"\/>\n\n\n\n<figure class=\"wp-block-table is-style-stripes\"><table><thead><tr><th class=\"has-text-align-left\" data-align=\"left\">COMFORT ROOM (P.M.R.)<\/th><th class=\"has-text-align-left\" data-align=\"left\">per night <\/th><\/tr><\/thead><tbody><tr><td class=\"has-text-align-left\" data-align=\"left\">Double<\/td><td class=\"has-text-align-left\" data-align=\"left\"><strong>200 \u20ac<\/strong><\/td><\/tr><\/tbody><\/table><\/figure>\n\n\n\n<hr class=\"wp-block-separator has-alpha-channel-opacity is-style-dots\"\/>\n\n\n\n<p>The double room is offered at the couple rate.<\/p>\n\n\n\n<p>If the extra bed is used, a supplement of \u20ac10\/day will be applied.<\/p>\n\n\n\n<hr class=\"wp-block-separator has-alpha-channel-opacity\"\/>\n\n\n\n<figure class=\"wp-block-table is-style-stripes\"><table><thead><tr><th class=\"has-text-align-left\" data-align=\"left\">Sweet continental breakfast<\/th><\/tr><\/thead><tbody><tr><td class=\"has-text-align-left\" data-align=\"left\"><strong>11 \u20ac<\/strong> \/ pers.<\/td><\/tr><\/tbody><\/table><\/figure>\n\n\n\n<hr class=\"wp-block-separator has-alpha-channel-opacity\"\/>\n\n\n\n<figure class=\"wp-block-table is-style-stripes\"><table><thead><tr><th class=\"has-text-align-left\" data-align=\"left\">Dogs allowed on request and depending on the breed<\/th><\/tr><\/thead><tbody><tr><td class=\"has-text-align-left\" data-align=\"left\"><strong>5 \u20ac<\/strong> \/ day<\/td><\/tr><\/tbody><\/table><\/figure>\n\n\n\n<hr class=\"wp-block-separator has-alpha-channel-opacity\"\/>\n\n\n\n<p><strong>Tourist tax<\/strong> to be paid on site : <strong>1 \u20ac<\/strong> \/ pers. \/ night<\/p>\n\n\n\n<p><\/p>","protected":false},"excerpt":{"rendered":"<p>TARIFS DEMI-PENSION par jour et par personne Chambreselon la p\u00e9riode de 110 \u20ac * \u00e0 117 \u20ac * Chambre en chalet 120 \u20ac * Chambre confortselon la p\u00e9riode de 130 \u20ac * \u00e0 135 \u20ac * * suppl\u00e9ment pour personne seule : nous contacter La demi-pension comprend le petit d\u00e9jeuner, le d\u00eener et la nuit\u00e9e.&hellip; <a class=\"more-link\" href=\"https:\/\/www.hoteldulacdesconfins.com\/en\/tarifs\/\">Continue reading <span class=\"screen-reader-text\">Prices<\/span><\/a><\/p>","protected":false},"author":1,"featured_media":0,"parent":0,"menu_order":0,"comment_status":"closed","ping_status":"closed","template":"","meta":{"footnotes":""},"class_list":["post-108","page","type-page","status-publish","hentry","entry"],"_links":{"self":[{"href":"https:\/\/www.hoteldulacdesconfins.com\/en\/wp-json\/wp\/v2\/pages\/108","targetHints":{"allow":["GET"]}}],"collection":[{"href":"https:\/\/www.hoteldulacdesconfins.com\/en\/wp-json\/wp\/v2\/pages"}],"about":[{"href":"https:\/\/www.hoteldulacdesconfins.com\/en\/wp-json\/wp\/v2\/types\/page"}],"author":[{"embeddable":true,"href":"https:\/\/www.hoteldulacdesconfins.com\/en\/wp-json\/wp\/v2\/users\/1"}],"replies":[{"embeddable":true,"href":"https:\/\/www.hoteldulacdesconfins.com\/en\/wp-json\/wp\/v2\/comments?post=108"}],"version-history":[{"count":24,"href":"https:\/\/www.hoteldulacdesconfins.com\/en\/wp-json\/wp\/v2\/pages\/108\/revisions"}],"predecessor-version":[{"id":213,"href":"https:\/\/www.hoteldulacdesconfins.com\/en\/wp-json\/wp\/v2\/pages\/108\/revisions\/213"}],"wp:attachment":[{"href":"https:\/\/www.hoteldulacdesconfins.com\/en\/wp-json\/wp\/v2\/media?parent=108"}],"curies":[{"name":"wp","href":"https:\/\/api.w.org\/{rel}","templated":true}]}}