{"id":67,"date":"2022-01-25T18:55:21","date_gmt":"2022-01-25T17:55:21","guid":{"rendered":"https:\/\/www.hoteldulacdesconfins.com\/?page_id=67"},"modified":"2022-01-25T21:45:34","modified_gmt":"2022-01-25T20:45:34","slug":"restaurant","status":"publish","type":"page","link":"https:\/\/www.hoteldulacdesconfins.com\/en\/restaurant\/","title":{"rendered":"Restaurant"},"content":{"rendered":"<div class=\"wp-block-columns is-layout-flex wp-container-core-columns-is-layout-9d6595d7 wp-block-columns-is-layout-flex\">\n<div class=\"wp-block-column is-vertically-aligned-center is-layout-flow wp-block-column-is-layout-flow\">\n<p>In our restaurant, we offer traditional and family cuisine.<\/p>\n<\/div>\n\n\n\n<div class=\"wp-block-column is-layout-flow wp-block-column-is-layout-flow\">\n<figure class=\"wp-block-image size-full\"><img loading=\"lazy\" decoding=\"async\" width=\"300\" height=\"225\" src=\"https:\/\/www.hoteldulacdesconfins.com\/wp-content\/uploads\/2022\/01\/salle_restaurant.jpg\" alt=\"\" class=\"wp-image-68\"\/><\/figure>\n<\/div>\n<\/div>\n\n\n\n<div class=\"wp-block-columns alignwide is-layout-flex wp-container-core-columns-is-layout-9d6595d7 wp-block-columns-is-layout-flex\">\n<div class=\"wp-block-column is-layout-flow wp-block-column-is-layout-flow\">\n<div class=\"wp-block-columns is-layout-flex wp-container-core-columns-is-layout-9d6595d7 wp-block-columns-is-layout-flex\">\n<div class=\"wp-block-column is-layout-flow wp-block-column-is-layout-flow\">\n<figure class=\"wp-block-image size-full\"><img loading=\"lazy\" decoding=\"async\" width=\"220\" height=\"165\" src=\"https:\/\/www.hoteldulacdesconfins.com\/wp-content\/uploads\/2022\/01\/jambon-tartiflette.jpg\" alt=\"\" class=\"wp-image-73\"\/><\/figure>\n<\/div>\n\n\n\n<div class=\"wp-block-column is-layout-flow wp-block-column-is-layout-flow\">\n<figure class=\"wp-block-image size-full\"><img loading=\"lazy\" decoding=\"async\" width=\"220\" height=\"165\" src=\"https:\/\/www.hoteldulacdesconfins.com\/wp-content\/uploads\/2022\/01\/plat_cuisine.jpg\" alt=\"\" class=\"wp-image-74\"\/><\/figure>\n<\/div>\n\n\n\n<div class=\"wp-block-column is-layout-flow wp-block-column-is-layout-flow\">\n<figure class=\"wp-block-image size-full\"><img loading=\"lazy\" decoding=\"async\" width=\"220\" height=\"165\" src=\"https:\/\/www.hoteldulacdesconfins.com\/wp-content\/uploads\/2022\/01\/tartiflette.jpg\" alt=\"\" class=\"wp-image-75\"\/><\/figure>\n<\/div>\n<\/div>\n<\/div>\n\n\n\n<div class=\"wp-block-column is-vertically-aligned-center is-layout-flow wp-block-column-is-layout-flow\">\n<p>You can also taste Savoyard specialties (tartiflette, raclette, fondue, etc.).<\/p>\n<\/div>\n<\/div>\n\n\n\n<p><\/p>","protected":false},"excerpt":{"rendered":"<p>Dans notre restaurant, nous vous proposons une cuisine traditionnelle et familiale. Vous pourrez aussi d\u00e9guster des sp\u00e9cialit\u00e9s savoyardes (tartiflette, raclette, fondue, etc).<\/p>","protected":false},"author":1,"featured_media":0,"parent":0,"menu_order":0,"comment_status":"closed","ping_status":"closed","template":"","meta":{"footnotes":""},"class_list":["post-67","page","type-page","status-publish","hentry","entry"],"_links":{"self":[{"href":"https:\/\/www.hoteldulacdesconfins.com\/en\/wp-json\/wp\/v2\/pages\/67","targetHints":{"allow":["GET"]}}],"collection":[{"href":"https:\/\/www.hoteldulacdesconfins.com\/en\/wp-json\/wp\/v2\/pages"}],"about":[{"href":"https:\/\/www.hoteldulacdesconfins.com\/en\/wp-json\/wp\/v2\/types\/page"}],"author":[{"embeddable":true,"href":"https:\/\/www.hoteldulacdesconfins.com\/en\/wp-json\/wp\/v2\/users\/1"}],"replies":[{"embeddable":true,"href":"https:\/\/www.hoteldulacdesconfins.com\/en\/wp-json\/wp\/v2\/comments?post=67"}],"version-history":[{"count":4,"href":"https:\/\/www.hoteldulacdesconfins.com\/en\/wp-json\/wp\/v2\/pages\/67\/revisions"}],"predecessor-version":[{"id":100,"href":"https:\/\/www.hoteldulacdesconfins.com\/en\/wp-json\/wp\/v2\/pages\/67\/revisions\/100"}],"wp:attachment":[{"href":"https:\/\/www.hoteldulacdesconfins.com\/en\/wp-json\/wp\/v2\/media?parent=67"}],"curies":[{"name":"wp","href":"https:\/\/api.w.org\/{rel}","templated":true}]}}